{"id":1728,"date":"2021-03-10T06:19:18","date_gmt":"2021-03-10T06:19:18","guid":{"rendered":"https:\/\/oktay.4unit.com\/index.php\/termine\/"},"modified":"2021-03-27T21:24:05","modified_gmt":"2021-03-27T21:24:05","slug":"termine","status":"publish","type":"page","link":"https:\/\/zahnarztpraxis-akkoyun.de\/index.php\/termine\/","title":{"rendered":"Termine"},"content":{"rendered":"<div data-colibri-id=\"1728-c1\" class=\"style-920 style-local-1728-c1 position-relative\">\n  <!---->\n  <div data-colibri-component=\"section\" data-colibri-id=\"1728-c2\" id=\"custom\" class=\"h-section h-section-global-spacing d-flex align-items-lg-center align-items-md-center align-items-center style-921 style-local-1728-c2 position-relative\">\n    <!---->\n    <!---->\n    <div class=\"h-section-grid-container h-section-boxed-container\">\n      <!---->\n      <div data-colibri-id=\"1728-c3\" class=\"h-row-container gutters-row-lg-2 gutters-row-md-2 gutters-row-0 gutters-row-v-lg-2 gutters-row-v-md-2 gutters-row-v-2 style-922 style-local-1728-c3 position-relative\">\n        <!---->\n        <div class=\"h-row justify-content-lg-center justify-content-md-center justify-content-center align-items-lg-stretch align-items-md-stretch align-items-stretch gutters-col-lg-2 gutters-col-md-2 gutters-col-0 gutters-col-v-lg-2 gutters-col-v-md-2 gutters-col-v-2\">\n          <!---->\n          <div class=\"h-column h-column-container d-flex h-col-lg-12 h-col-md-12 h-col-12 style-923-outer style-local-1728-c4-outer\">\n            <div data-colibri-id=\"1728-c4\" class=\"d-flex h-flex-basis h-column__inner h-px-lg-2 h-px-md-2 h-px-2 v-inner-lg-2 v-inner-md-2 v-inner-2 style-923 style-local-1728-c4 position-relative\">\n              <!---->\n              <!---->\n              <div class=\"w-100 h-y-container h-column__content h-column__v-align flex-basis-100 align-self-lg-start align-self-md-start align-self-start\">\n                <!---->\n                <div data-colibri-id=\"1728-c5\" class=\"h-text h-text-component style-926 style-local-1728-c5 position-relative h-element\">\n                  <!---->\n                  <!---->\n                  <div class=\"\">\n                    <p>Auf dieser Seite k\u00f6nnen Sie online einen Termin bei uns vereinbaren. Sobald Sie das folgende Formular ausgef\u00fcllt haben und Ihren Wunschtermin gew\u00e4hlt haben, bekommen wir via Email Ihre Anfrage zugeschickt. Wir werden uns dann umgehend\n                      mit Ihnen in Verbindung setzen um Ihnen Ihren Wunschtermin zu best\u00e4tigen.<\/p>\n                    <p><strong style=\"font-weight: 700; font-family: &quot;Open Sans&quot;;\">Bitte bedenken Sie, dass wir Sie nur bei korrekt hinterlassener Telefonnummer und w\u00e4hrend unserer Sprechzeiten zur\u00fcckrufen k\u00f6nnen und ein Termin erst durch unsere Best\u00e4tigung zustande kommt. Eine Kontaktaufnahme ersetzt die Behandlung weder medizinisch noch rechtlich.<\/strong><\/p>\n                    <p>Hinweis: Mit * markierte Felder sind Pflichtfelder.<\/p>\n                    <p>\n                      <br>\n                    <\/p>\n                  <\/div>\n                <\/div>\n                <div data-colibri-id=\"1728-c6\" class=\"style-1660 style-local-1728-c6 position-relative h-element\">\n                  <!---->\n                  <div class=\"h-global-transition-all h-global-transition h-global-transition-all h-contact-form-shortcode\"><div class=\"wpforms-container wpforms-container-full\" id=\"wpforms-2112\"><form id=\"wpforms-form-2112\" class=\"wpforms-validate wpforms-form\" data-formid=\"2112\" method=\"post\" enctype=\"multipart\/form-data\" action=\"\/index.php\/wp-json\/wp\/v2\/pages\/1728\" data-token=\"e87dc675a03fb6e6caee4b34cf9b9ce0\" data-token-time=\"1777589848\"><noscript class=\"wpforms-error-noscript\">Bitte aktiviere JavaScript in deinem Browser, um dieses Formular fertigzustellen.<\/noscript><div class=\"wpforms-field-container\"><div id=\"wpforms-2112-field_18-container\" class=\"wpforms-field wpforms-field-html\" data-field-id=\"18\"><div id=\"wpforms-2112-field_18\">Bitte bedenken Sie, dass wir Sie nur bei korrekt hinterlassener Telefonnummer und w\u00e4hrend unserer Sprechzeiten zur\u00fcckrufen k\u00f6nnen und ein Termin erst durch unsere Best\u00e4tigung zustande kommt. Eine Kontaktaufnahme ersetzt die Behandlung weder medizinisch noch rechtlich. Wir k\u00f6nnen leider keine medizinische Beratung per E-Mail durchf\u00fchren. Bitte vereinbaren Sie hierzu einen Termin in unserer Praxis.<\/div><\/div><div id=\"wpforms-2112-field_3-container\" class=\"wpforms-field wpforms-field-select wpforms-one-half wpforms-first\" data-field-id=\"3\"><label class=\"wpforms-field-label\" for=\"wpforms-2112-field_3\">Anrede <span class=\"wpforms-required-label\">*<\/span><\/label><select id=\"wpforms-2112-field_3\" class=\"wpforms-field-medium wpforms-field-required\" name=\"wpforms[fields][3]\" required=\"required\"><option value=\"Anrede\"  class=\"choice-1 depth-1\"  >Anrede<\/option><option value=\"Herr\"  class=\"choice-2 depth-1\"  >Herr<\/option><option value=\"Frau\"  class=\"choice-4 depth-1\"  >Frau<\/option><option value=\"Divers\"  class=\"choice-5 depth-1\"  >Divers<\/option><\/select><\/div><div id=\"wpforms-2112-field_10-container\" class=\"wpforms-field wpforms-field-text\" data-field-id=\"10\"><label class=\"wpforms-field-label\" for=\"wpforms-2112-field_10\">Ihr Name <span class=\"wpforms-required-label\">*<\/span><\/label><input type=\"text\" id=\"wpforms-2112-field_10\" class=\"wpforms-field-medium wpforms-field-required\" name=\"wpforms[fields][10]\" required><\/div><div id=\"wpforms-2112-field_11-container\" class=\"wpforms-field wpforms-field-text\" data-field-id=\"11\"><label class=\"wpforms-field-label\" for=\"wpforms-2112-field_11\">ggfs. Firma<\/label><input type=\"text\" id=\"wpforms-2112-field_11\" class=\"wpforms-field-medium\" name=\"wpforms[fields][11]\" ><\/div><div id=\"wpforms-2112-field_13-container\" class=\"wpforms-field wpforms-field-email\" data-field-id=\"13\"><label class=\"wpforms-field-label\" for=\"wpforms-2112-field_13\">E-Mail <span class=\"wpforms-required-label\">*<\/span><\/label><input type=\"email\" id=\"wpforms-2112-field_13\" class=\"wpforms-field-medium wpforms-field-required\" name=\"wpforms[fields][13]\" spellcheck=\"false\" required><\/div><div id=\"wpforms-2112-field_15-container\" class=\"wpforms-field wpforms-field-text\" data-field-id=\"15\"><label class=\"wpforms-field-label\" for=\"wpforms-2112-field_15\">Adresse <span class=\"wpforms-required-label\">*<\/span><\/label><input type=\"text\" id=\"wpforms-2112-field_15\" class=\"wpforms-field-medium wpforms-field-required\" name=\"wpforms[fields][15]\" required><\/div><div id=\"wpforms-2112-field_24-container\" class=\"wpforms-field wpforms-field-text\" data-field-id=\"24\"><label class=\"wpforms-field-label\" for=\"wpforms-2112-field_24\">PLZ, Ort <span class=\"wpforms-required-label\">*<\/span><\/label><input type=\"text\" id=\"wpforms-2112-field_24\" class=\"wpforms-field-medium wpforms-field-required\" name=\"wpforms[fields][24]\" required><\/div><div id=\"wpforms-2112-field_9-container\" class=\"wpforms-field wpforms-field-phone\" data-field-id=\"9\"><label class=\"wpforms-field-label\" for=\"wpforms-2112-field_9\">Telefonnummer  <span class=\"wpforms-required-label\">*<\/span><\/label><input type=\"tel\" id=\"wpforms-2112-field_9\" class=\"wpforms-field-medium wpforms-field-required wpforms-smart-phone-field\" data-rule-smart-phone-field=\"true\" name=\"wpforms[fields][9]\" placeholder=\"  \" aria-label=\"Telefonnummer \" required><\/div><div id=\"wpforms-2112-field_17-container\" class=\"wpforms-field wpforms-field-date-time\" data-field-id=\"17\"><label class=\"wpforms-field-label\">Ihr Wunschtermin  <span class=\"wpforms-required-label\">*<\/span><\/label><div class=\"wpforms-field-row wpforms-field-medium\"><div class=\"wpforms-field-row-block wpforms-date-type-datepicker\"><div class=\"wpforms-datepicker-wrap\"><input type=\"text\" id=\"wpforms-2112-field_17\" class=\"wpforms-field-date-time-date wpforms-datepicker wpforms-field-required\" data-date-format=\"d.m.Y\" data-disable-past-dates=\"0\" data-input=\"true\" name=\"wpforms[fields][17][date]\" required><a title=\"Datum leeren\" data-clear role=\"button\" tabindex=\"0\" class=\"wpforms-datepicker-clear\" aria-label=\"Datum leeren\" style=\"display:none;\"><\/a><\/div><label for=\"wpforms-2112-field_17\" class=\"wpforms-field-sublabel after\">Datum<\/label><\/div><div class=\"wpforms-field-row-block\"><input type=\"text\" id=\"wpforms-2112-field_17-time\" class=\"wpforms-field-date-time-time wpforms-timepicker wpforms-field-required\" data-time-format=\"H:i\" data-step=\"30\" data-rule-time24h=\"true\" name=\"wpforms[fields][17][time]\" required><label for=\"wpforms-2112-field_17-time\" class=\"wpforms-field-sublabel after\">Zeit<\/label><\/div><\/div><\/div><div id=\"wpforms-2112-field_16-container\" class=\"wpforms-field wpforms-field-select wpforms-conditional-trigger\" data-field-id=\"16\"><label class=\"wpforms-field-label\" for=\"wpforms-2112-field_16\">Ihr Anliegen <span class=\"wpforms-required-label\">*<\/span><\/label><select id=\"wpforms-2112-field_16\" class=\"wpforms-field-medium wpforms-field-required\" name=\"wpforms[fields][16]\" required=\"required\"><option value=\"-\"  class=\"choice-8 depth-1\"  >-<\/option><option value=\"Allgemeine Untersuchung\"  class=\"choice-1 depth-1\"  >Allgemeine Untersuchung<\/option><option value=\"Funktionsanalyse\"  class=\"choice-2 depth-1\"  >Funktionsanalyse<\/option><option value=\"Implantologie\"  class=\"choice-3 depth-1\"  >Implantologie<\/option><option value=\"Bleaching\"  class=\"choice-5 depth-1\"  >Bleaching<\/option><option value=\"Prophylaxe\"  class=\"choice-4 depth-1\"  >Prophylaxe<\/option><option value=\"Veneers\"  class=\"choice-6 depth-1\"  >Veneers<\/option><option value=\"Ich habe ein anderes Anliegen\"  class=\"choice-7 depth-1\"  >Ich habe ein anderes Anliegen<\/option><\/select><\/div><div id=\"wpforms-2112-field_2-container\" class=\"wpforms-field wpforms-field-textarea wpforms-conditional-field wpforms-conditional-show\" data-field-id=\"2\" style=\"display:none;\"><label class=\"wpforms-field-label\" for=\"wpforms-2112-field_2\">Ihre Nachricht<\/label><textarea id=\"wpforms-2112-field_2\" class=\"wpforms-field-medium\" name=\"wpforms[fields][2]\" ><\/textarea><\/div><div id=\"wpforms-2112-field_25-container\" class=\"wpforms-field wpforms-field-gdpr-checkbox\" data-field-id=\"25\"><ul id=\"wpforms-2112-field_25\" class=\"wpforms-field-required\"><li class=\"choice-0\"><input type=\"checkbox\" id=\"wpforms-2112-field_25_0\" name=\"wpforms[fields][25][]\" value=\"Um dieses Fomular zu versenden, musst du unsere &lt;a href=&quot;#?cmplz_region_redirect=true&quot;&gt;Datenschutzerkl\u00e4rung&lt;\/a&gt; akzeptieren\" required ><label class=\"wpforms-field-label-inline\" for=\"wpforms-2112-field_25_0\">Um dieses Fomular zu versenden, musst du unsere <a href=\"#?cmplz_region_redirect=true\">Datenschutzerkl\u00e4rung<\/a> akzeptieren<\/label><\/li><\/ul><\/div><\/div><!-- .wpforms-field-container --><div class=\"wpforms-field wpforms-field-hp\"><label for=\"wpforms-2112-field-hp\" class=\"wpforms-field-label\">Name<\/label><input type=\"text\" name=\"wpforms[hp]\" id=\"wpforms-2112-field-hp\" class=\"wpforms-field-medium\"><\/div><div class=\"wpforms-recaptcha-container wpforms-is-recaptcha wpforms-is-recaptcha-type-v2\" ><div class=\"g-recaptcha\" data-sitekey=\"6LfzkL8UAAAAAF2_wWYAjYm-xn8UmpLT7cVb2mPA\"><\/div><input type=\"text\" name=\"g-recaptcha-hidden\" class=\"wpforms-recaptcha-hidden\" style=\"position:absolute!important;clip:rect(0,0,0,0)!important;height:1px!important;width:1px!important;border:0!important;overflow:hidden!important;padding:0!important;margin:0!important;\" data-rule-recaptcha=\"1\"><\/div><div class=\"wpforms-submit-container\" ><input type=\"hidden\" name=\"wpforms[id]\" value=\"2112\"><input type=\"hidden\" name=\"page_title\" value=\"\"><input type=\"hidden\" name=\"page_url\" value=\"https:\/\/zahnarztpraxis-akkoyun.de\/index.php\/wp-json\/wp\/v2\/pages\/1728\"><input type=\"hidden\" name=\"url_referer\" value=\"\"><button type=\"submit\" name=\"wpforms[submit]\" id=\"wpforms-submit-2112\" class=\"wpforms-submit\" data-alt-text=\"wird gesendet...\" data-submit-text=\"Absenden\" aria-live=\"assertive\" value=\"wpforms-submit\">Absenden<\/button><\/div><\/form><\/div>  <!-- .wpforms-container -->\n<\/div>\n                <\/div>\n                <div data-colibri-id=\"1728-c7\" class=\"h-text h-text-component style-926 style-local-1728-c7 position-relative h-element\">\n                  <!---->\n                  <!---->\n                  <div class=\"\">\n                    <p><span style=\"color: rgb(51, 51, 51); font-family: &quot;Open Sans&quot;; font-size: 17px; font-weight: 400;\">Ihre Daten werden \u00fcber unseren Provider per E-Mail an uns weitergeleitet und nach Beantwortung umgehend gel\u00f6scht, sofern keine gesetzlichen Aufbewahrungspflichten bestehen. Eine Nutzung zu einem anderen Zweck oder eine Datenweitergabe an Dritte findet nicht statt.<\/span><\/p>\n                  <\/div>\n                <\/div>\n              <\/div>\n            <\/div>\n          <\/div>\n        <\/div>\n      <\/div>\n    <\/div>\n  <\/div>\n<\/div>","protected":false},"excerpt":{"rendered":"<p>Auf dieser Seite k\u00f6nnen Sie online einen Termin bei uns vereinbaren. Sobald Sie das folgende Formular ausgef\u00fcllt haben und Ihren Wunschtermin gew\u00e4hlt haben, bekommen wir via Email Ihre Anfrage zugeschickt. Wir werden uns dann umgehend mit Ihnen in Verbindung setzen um Ihnen Ihren Wunschtermin zu best\u00e4tigen. Bitte bedenken Sie, dass wir Sie nur bei korrekt [&hellip;]<\/p>\n","protected":false},"author":1,"featured_media":0,"parent":0,"menu_order":0,"comment_status":"closed","ping_status":"closed","template":"page-templates\/full-width-page.php","meta":{"footnotes":""},"class_list":["post-1728","page","type-page","status-publish","hentry"],"aioseo_notices":[],"_links":{"self":[{"href":"https:\/\/zahnarztpraxis-akkoyun.de\/index.php\/wp-json\/wp\/v2\/pages\/1728","targetHints":{"allow":["GET"]}}],"collection":[{"href":"https:\/\/zahnarztpraxis-akkoyun.de\/index.php\/wp-json\/wp\/v2\/pages"}],"about":[{"href":"https:\/\/zahnarztpraxis-akkoyun.de\/index.php\/wp-json\/wp\/v2\/types\/page"}],"author":[{"embeddable":true,"href":"https:\/\/zahnarztpraxis-akkoyun.de\/index.php\/wp-json\/wp\/v2\/users\/1"}],"replies":[{"embeddable":true,"href":"https:\/\/zahnarztpraxis-akkoyun.de\/index.php\/wp-json\/wp\/v2\/comments?post=1728"}],"version-history":[{"count":0,"href":"https:\/\/zahnarztpraxis-akkoyun.de\/index.php\/wp-json\/wp\/v2\/pages\/1728\/revisions"}],"wp:attachment":[{"href":"https:\/\/zahnarztpraxis-akkoyun.de\/index.php\/wp-json\/wp\/v2\/media?parent=1728"}],"curies":[{"name":"wp","href":"https:\/\/api.w.org\/{rel}","templated":true}]}}