{"id":1744,"date":"2021-03-10T06:24:10","date_gmt":"2021-03-10T06:24:10","guid":{"rendered":"https:\/\/oktay.4unit.com\/index.php\/impressum\/"},"modified":"2022-01-10T21:06:02","modified_gmt":"2022-01-10T21:06:02","slug":"impressum","status":"publish","type":"page","link":"https:\/\/zahnarztpraxis-akkoyun.de\/index.php\/impressum\/","title":{"rendered":"Impressum"},"content":{"rendered":"<div data-colibri-id=\"1744-c1\" class=\"style-936 style-local-1744-c1 position-relative\">\n  <!---->\n  <div data-colibri-component=\"section\" data-colibri-id=\"1744-c2\" id=\"custom\" class=\"h-section h-section-global-spacing d-flex align-items-lg-center align-items-md-center align-items-center style-937 style-local-1744-c2 position-relative\">\n    <!---->\n    <!---->\n    <div class=\"h-section-grid-container h-section-boxed-container\">\n      <!---->\n      <div data-colibri-id=\"1744-c3\" class=\"h-row-container gutters-row-lg-2 gutters-row-md-2 gutters-row-0 gutters-row-v-lg-2 gutters-row-v-md-2 gutters-row-v-2 style-938 style-local-1744-c3 position-relative\">\n        <!---->\n        <div class=\"h-row justify-content-lg-center justify-content-md-center justify-content-center align-items-lg-stretch align-items-md-stretch align-items-stretch gutters-col-lg-2 gutters-col-md-2 gutters-col-0 gutters-col-v-lg-2 gutters-col-v-md-2 gutters-col-v-2\">\n          <!---->\n          <div class=\"h-column h-column-container d-flex h-col-lg-12 h-col-md-12 h-col-12 style-939-outer style-local-1744-c4-outer\">\n            <div data-colibri-id=\"1744-c4\" class=\"d-flex h-flex-basis h-column__inner h-px-lg-2 h-px-md-2 h-px-2 v-inner-lg-2 v-inner-md-2 v-inner-2 style-939 style-local-1744-c4 position-relative\">\n              <!---->\n              <!---->\n              <div class=\"w-100 h-y-container h-column__content h-column__v-align flex-basis-100 align-self-lg-start align-self-md-start align-self-start\">\n                <!---->\n                <div data-colibri-id=\"1744-c5\" class=\"h-text h-text-component style-942 style-local-1744-c5 position-relative h-element\">\n                  <!---->\n                  <!---->\n                  <div class=\"\">\n                    <p><span style=\"font-family: &quot;Open Sans&quot;;\">Verantwortlich f\u00fcr den Inhalt gem\u00e4\u00df \u00a7 5 TMG:<\/span><\/p>\n                    <p><span style=\"font-family: &quot;Open Sans&quot;;\">Dieses Impressum gilt auch f\u00fcr die Pr\u00e4senzen der Zahnarztpraxis Dr. med. dent. Oktay Akkoyun auf anderen Webseiten.<\/span><\/p>\n                    <p><span style=\"font-family: &quot;Open Sans&quot;;\">Zahnarztpraxis<br>Dr. med. dent. Oktay Akkoyun<br><\/span><span style=\"font-family: &quot;Open Sans&quot;; color: rgb(0, 0, 0); font-size: 16px; font-weight: 400;\">Kaufunger Stra\u00dfe 12<\/span>\n                      <span\n                        style=\"font-family: &quot;Open Sans&quot;;\">\n                        <br>\n                        <\/span><span style=\"font-family: &quot;Open Sans&quot;; font-weight: 400; font-size: 16px; color: rgb(0, 0, 0);\">34123 Kassel<\/span><span style=\"font-family: &quot;Open Sans&quot;;\"><br>Telefon: 0561 &#8211; 53116<br>E-Mail:&nbsp;<\/span>\n                        <a\n                          href=\"mailto:info@zahnarztpraxis-akkoyun.de\" style=\"font-family: &quot;Open Sans&quot;; color: rgb(129, 228, 112);\">info@zahnarztpraxis-akkoyun.de<\/a>\n                    <\/p>\n                    <p><span style=\"font-family: &quot;Open Sans&quot;;\">Internetauftritt:<br><\/span>\n                      <a href=\"https:\/\/www.4unit.com\" target=\"_blank\" style=\"font-family: &quot;Open Sans&quot;;\" class=\"customize-unpreviewable\" rel=\"noopener\">4Unit Systems Integration GmbH<\/a>\n                    <\/p>\n                    <p><span style=\"font-family: &quot;Open Sans&quot;;\">Berufsbezeichnung:<br>Dr. med. dent. Oktay Akkoyun \u2013 Zahnarzt (verliehen in der Bundesrepublik Deutschland)<\/span><\/p>\n                    <p><span style=\"font-family: &quot;Open Sans&quot;;\">Zust\u00e4ndige Zahn\u00e4rztekammer:<br>Landeszahn\u00e4rztekammer Hessen <br>Rhonestra\u00dfe 4, 60528 Frankfurt am Main<br>Telefon: 069 \u2013 42 72 75 0<br>Telefax: 069 \u2013 42 72 75 105<br>E-Mail: box@lzkh.de<br>Internet: www.lzkh.de<\/span><\/p>\n                    <p><span style=\"font-family: &quot;Open Sans&quot;;\">Zust\u00e4ndige kassenzahn\u00e4rztliche Vereinigung:<br>Kassenzahn\u00e4rztliche Vereinigung Hessen<br>Lyoner Stra\u00dfe 21, <br>60528 Frankfurt am Main<br>Telefon: 069 \u2013 66 07 0<br>Internet: www.kzvh.de<\/span><\/p>\n                    <p><span style=\"font-family: &quot;Open Sans&quot;;\">Die Landeszahn\u00e4rztekammer Hessen und die Kassenzahn\u00e4rztliche Vereinigung Hessen \u00fcben beide die Rechtsaufsicht aus.<\/span><\/p>\n                    <p><span style=\"font-family: &quot;Open Sans&quot;;\">Berufsrechtliche Regelungen:<\/span><\/p>\n                    <p><span style=\"font-family: &quot;Open Sans&quot;;\">Gesetz \u00fcber die Aus\u00fcbung der Zahnheilkunde vom 16.4.1987 (BGBl I, Seite 1225), zuletzt ge\u00e4ndert am 4.12.2001 (BGBl I, Seite 3325)<\/span><\/p>\n                    <p><span style=\"font-family: &quot;Open Sans&quot;;\">Geb\u00fchrenordnung f\u00fcr Zahn\u00e4rzte Landeszahn\u00e4rztekammer Rheinland-Pfalz<\/span><\/p>\n                    <p><span style=\"font-family: &quot;Open Sans&quot;;\">Berufsordnung f\u00fcr Zahn\u00e4rzte in Rheinland-Pfalz<\/span><\/p>\n                    <p><span style=\"font-family: &quot;Open Sans&quot;;\">Autor &amp; Copyright:<br>Dr. med. dent. Oktay Akkoyun<\/span><\/p>\n                    <p><span style=\"font-family: &quot;Open Sans&quot;;\">Haftungsausschluss:<\/span><\/p>\n                    <p><span style=\"font-family: &quot;Open Sans&quot;;\">Haftung f\u00fcr Inhalte<\/span><\/p>\n                    <p><span style=\"font-family: &quot;Open Sans&quot;;\">Die Inhalte unserer Seiten wurden mit gr\u00f6\u00dfter Sorgfalt erstellt. F\u00fcr die Richtigkeit, Vollst\u00e4ndigkeit und Aktualit\u00e4t der Inhalte k\u00f6nnen wir jedoch keine Gew\u00e4hr \u00fcbernehmen. Als Diensteanbieter sind wir gem\u00e4\u00df \u00a7 7 Abs.1 TMG f\u00fcr eigene Inhalte auf diesen Seiten nach den allgemeinen Gesetzen verantwortlich. Nach \u00a7\u00a7 8 bis 10 TMG sind wir als Diensteanbieter jedoch nicht verpflichtet, \u00fcbermittelte oder gespeicherte fremde Informationen zu \u00fcberwachen oder nach Umst\u00e4nden zu forschen, die auf eine rechtswidrige T\u00e4tigkeit hinweisen. Verpflichtungen zur Entfernung oder Sperrung der Nutzung von Informationen nach den allgemeinen Gesetzen bleiben hiervon unber\u00fchrt. Eine diesbez\u00fcgliche Haftung ist jedoch erst ab dem Zeitpunkt der Kenntnis einer konkreten Rechtsverletzung m\u00f6glich. Bei Bekanntwerden von entsprechenden Rechtsverletzungen werden wir diese Inhalte umgehend entfernen.<\/span><\/p>\n                    <p><span style=\"font-family: &quot;Open Sans&quot;;\">Haftung f\u00fcr Links<\/span><\/p>\n                    <p><span style=\"font-family: &quot;Open Sans&quot;;\">Unser Angebot enth\u00e4lt Links zu externen Webseiten Dritter, auf deren Inhalte wir keinen Einfluss haben. Deshalb k\u00f6nnen wir f\u00fcr diese fremden Inhalte auch keine Gew\u00e4hr \u00fcbernehmen. F\u00fcr die Inhalte der verlinkten Seiten ist stets der jeweilige Anbieter oder Betreiber der Seiten verantwortlich. Die verlinkten Seiten wurden zum Zeitpunkt der Verlinkung auf m\u00f6gliche Rechtsverst\u00f6\u00dfe \u00fcberpr\u00fcft. Rechtswidrige Inhalte waren zum Zeitpunkt der Verlinkung nicht erkennbar. Eine permanente inhaltliche Kontrolle der verlinkten Seiten ist jedoch ohne konkrete Anhaltspunkte einer Rechtsverletzung nicht zumutbar. Bei Bekanntwerden von Rechtsverletzungen werden wir derartige Links umgehend entfernen.<\/span><\/p>\n                    <p><span style=\"font-family: &quot;Open Sans&quot;;\">Urheberrecht<\/span><\/p>\n                    <p><span style=\"font-family: &quot;Open Sans&quot;;\">Die durch die Seitenbetreiber erstellten Inhalte und Werke auf diesen Seiten unterliegen dem deutschen Urheberrecht. Die Vervielf\u00e4ltigung, Bearbeitung, Verbreitung und jede Art der Verwertung au\u00dferhalb der Grenzen des Urheberrechtes bed\u00fcrfen der schriftlichen Zustimmung des jeweiligen Autors bzw. Erstellers. Downloads und Kopien dieser Seite sind nur f\u00fcr den privaten, nicht kommerziellen Gebrauch gestattet. Soweit die Inhalte auf dieser Seite nicht vom Betreiber erstellt wurden, werden die Urheberrechte Dritter beachtet. Insbesondere werden Inhalte Dritter als solche gekennzeichnet. Sollten Sie trotzdem auf eine Urheberrechtsverletzung aufmerksam werden, bitten wir um einen entsprechenden Hinweis. Bei Bekanntwerden von Rechtsverletzungen werden wir derartige Inhalte umgehend entfernen.<\/span><\/p>\n                    <p>\n                      <br>\n                    <\/p>\n                  <\/div>\n                <\/div>\n              <\/div>\n            <\/div>\n          <\/div>\n        <\/div>\n      <\/div>\n    <\/div>\n  <\/div>\n<\/div>","protected":false},"excerpt":{"rendered":"<p>Verantwortlich f\u00fcr den Inhalt gem\u00e4\u00df \u00a7 5 TMG: Dieses Impressum gilt auch f\u00fcr die Pr\u00e4senzen der Zahnarztpraxis Dr. med. dent. Oktay Akkoyun auf anderen Webseiten. ZahnarztpraxisDr. med. dent. Oktay AkkoyunKaufunger Stra\u00dfe 12 34123 KasselTelefon: 0561 &#8211; 53116E-Mail:&nbsp; info@zahnarztpraxis-akkoyun.de Internetauftritt: 4Unit Systems Integration GmbH Berufsbezeichnung:Dr. med. dent. Oktay Akkoyun \u2013 Zahnarzt (verliehen in der Bundesrepublik Deutschland) [&hellip;]<\/p>\n","protected":false},"author":1,"featured_media":0,"parent":0,"menu_order":0,"comment_status":"closed","ping_status":"closed","template":"page-templates\/full-width-page.php","meta":{"footnotes":""},"class_list":["post-1744","page","type-page","status-publish","hentry"],"aioseo_notices":[],"_links":{"self":[{"href":"https:\/\/zahnarztpraxis-akkoyun.de\/index.php\/wp-json\/wp\/v2\/pages\/1744","targetHints":{"allow":["GET"]}}],"collection":[{"href":"https:\/\/zahnarztpraxis-akkoyun.de\/index.php\/wp-json\/wp\/v2\/pages"}],"about":[{"href":"https:\/\/zahnarztpraxis-akkoyun.de\/index.php\/wp-json\/wp\/v2\/types\/page"}],"author":[{"embeddable":true,"href":"https:\/\/zahnarztpraxis-akkoyun.de\/index.php\/wp-json\/wp\/v2\/users\/1"}],"replies":[{"embeddable":true,"href":"https:\/\/zahnarztpraxis-akkoyun.de\/index.php\/wp-json\/wp\/v2\/comments?post=1744"}],"version-history":[{"count":1,"href":"https:\/\/zahnarztpraxis-akkoyun.de\/index.php\/wp-json\/wp\/v2\/pages\/1744\/revisions"}],"predecessor-version":[{"id":2983,"href":"https:\/\/zahnarztpraxis-akkoyun.de\/index.php\/wp-json\/wp\/v2\/pages\/1744\/revisions\/2983"}],"wp:attachment":[{"href":"https:\/\/zahnarztpraxis-akkoyun.de\/index.php\/wp-json\/wp\/v2\/media?parent=1744"}],"curies":[{"name":"wp","href":"https:\/\/api.w.org\/{rel}","templated":true}]}}